{"id":3930,"date":"2017-11-16T09:41:19","date_gmt":"2017-11-16T08:41:19","guid":{"rendered":"https:\/\/www.ficontec.com\/imprint\/"},"modified":"2020-01-17T10:18:11","modified_gmt":"2020-01-17T09:18:11","slug":"imprint","status":"publish","type":"page","link":"https:\/\/www.ficontec.com\/cn\/imprint\/","title":{"rendered":"Imprint"},"content":{"rendered":"[blank_spacer height=&#8221;30px&#8221; width=&#8221;1\/1&#8243; el_position=&#8221;first last&#8221;] [spb_text_block pb_margin_bottom=&#8221;no&#8221; pb_border_bottom=&#8221;no&#8221; width=&#8221;1\/1&#8243; el_position=&#8221;first last&#8221;]\n<h1>\u7248\u672c\u8bf4\u660e<\/h1>\n[\/spb_text_block] [blank_spacer height=&#8221;30px&#8221; width=&#8221;1\/1&#8243; el_position=&#8221;first last&#8221;] [spb_text_block pb_margin_bottom=&#8221;no&#8221; pb_border_bottom=&#8221;no&#8221; width=&#8221;1\/1&#8243; el_position=&#8221;first last&#8221;]\n<h3>Angaben gem\u00e4\u00df \u00a7 5 TMG<\/h3>\n<p>ficonTEC Service GmbH<br \/>\nIm Finigen 3, 28832 Achim, Deutschland<\/p>\n<p>Vertreten durch:<br \/>\nTorsten Vahrenkamp (CEO) &amp; Matthias Trinker (CFO)<\/p>\n<p>&nbsp;<\/p>\n<h3>Kontakt<\/h3>\n<p>Telefon: +49 4202 51160-0<br \/>\nTelefax: +49 4202 51160-90<br \/>\nE-Mail: <a href=\"mailto:info@ficontec.com\">info@ficontec.com<\/a><\/p>\n<p>&nbsp;<\/p>\n<h3>Registereintrag<\/h3>\n<p>Registergericht: Walsrode, Deutschland<br \/>\nRegisternummer: HRB 202431<br \/>\nUmsatzsteuer-Identifikationsnummer gem\u00e4\u00df \u00a727 a Umsatzsteuergesetz:<br \/>\nUSt-IdNr.: DE266625433<\/p>\n<p>&nbsp;<\/p>\n<h3>Verantwortlich f\u00fcr den Inhalt nach \u00a7 55 Abs. 2 RStV<\/h3>\n<p>Torsten Vahrenkamp<br \/>\nRehland 8, 28832 Achim, Deutschland<\/p>\n<p>&nbsp;<\/p>\n<h3>Streitschlichtung<\/h3>\n<p>Wir sind nicht bereit oder verpflichtet, an\u00a0 Streitbeilegungsverfahren vor einer Verbraucherschlichtungsstelle teilzunehmen.<\/p>\n[\/spb_text_block] [blank_spacer height=&#8221;30px&#8221; width=&#8221;1\/1&#8243; el_position=&#8221;first last&#8221;] [divider type=&#8221;thin&#8221; text=&#8221;Go to top&#8221; full_width=&#8221;no&#8221; width=&#8221;1\/1&#8243; el_position=&#8221;first last&#8221;] [blank_spacer height=&#8221;30px&#8221; width=&#8221;1\/1&#8243; el_position=&#8221;first last&#8221;] [spb_text_block pb_margin_bottom=&#8221;no&#8221; pb_border_bottom=&#8221;no&#8221; width=&#8221;1\/1&#8243; el_position=&#8221;first last&#8221;]\n<h2>Haftungsausschluss<\/h2>\n[\/spb_text_block] [blank_spacer height=&#8221;30px&#8221; width=&#8221;1\/1&#8243; el_position=&#8221;first last&#8221;] [spb_text_block pb_margin_bottom=&#8221;no&#8221; pb_border_bottom=&#8221;no&#8221; width=&#8221;1\/1&#8243; el_position=&#8221;first last&#8221;]\n<h3>Haftung f\u00fcr Inhalte<\/h3>\n<p>Als Diensteanbieter sind wir gem\u00e4\u00df \u00a7 7 Abs.1 TMG f\u00fcr eigene Inhalte auf diesen Seiten nach den allgemeinen Gesetzen verantwortlich. Nach \u00a7\u00a7 8 bis 10 TMG sind wir als Diensteanbieter jedoch nicht verpflichtet, \u00fcbermittelte oder gespeicherte fremde Informationen zu \u00fcberwachen oder nach Umst\u00e4nden zu forschen, die auf eine rechtswidrige T\u00e4tigkeit hinweisen.<\/p>\n<p>Verpflichtungen zur Entfernung oder Sperrung der Nutzung von Informationen nach den allgemeinen Gesetzen bleiben hiervon unber\u00fchrt. Eine diesbez\u00fcgliche Haftung ist jedoch erst ab dem Zeitpunkt der Kenntnis einer konkreten Rechtsverletzung m\u00f6glich. Bei Bekanntwerden von entsprechenden Rechtsverletzungen werden wir diese Inhalte umgehend entfernen.<\/p>\n<h3>Haftung f\u00fcr Links<\/h3>\n<p>Unser Angebot enth\u00e4lt Links zu externen Websites Dritter, auf deren Inhalte wir keinen Einfluss haben. Deshalb k\u00f6nnen wir f\u00fcr diese fremden Inhalte auch keine Gew\u00e4hr \u00fcbernehmen. F\u00fcr die Inhalte der verlinkten Seiten ist stets der jeweilige Anbieter oder Betreiber der Seiten verantwortlich. Die verlinkten Seiten wurden zum Zeitpunkt der Verlinkung auf m\u00f6gliche Rechtsverst\u00f6\u00dfe \u00fcberpr\u00fcft. Rechtswidrige Inhalte waren zum Zeitpunkt der Verlinkung nicht erkennbar.<\/p>\n<p>Eine permanente inhaltliche Kontrolle der verlinkten Seiten ist jedoch ohne konkrete Anhaltspunkte einer Rechtsverletzung nicht zumutbar. Bei Bekanntwerden von Rechtsverletzungen werden wir derartige Links umgehend entfernen.<\/p>\n<h3>Urheberrecht<\/h3>\n<p>Die durch die Seitenbetreiber erstellten Inhalte und Werke auf diesen Seiten unterliegen dem deutschen Urheberrecht. Die Vervielf\u00e4ltigung, Bearbeitung, Verbreitung und jede Art der Verwertung au\u00dferhalb der Grenzen des Urheberrechtes bed\u00fcrfen der schriftlichen Zustimmung des jeweiligen Autors bzw. Erstellers. Downloads und Kopien dieser Seite sind nur f\u00fcr den privaten, nicht kommerziellen Gebrauch gestattet.<\/p>\n<p>Soweit die Inhalte auf dieser Seite nicht vom Betreiber erstellt wurden, werden die Urheberrechte Dritter beachtet. Insbesondere werden Inhalte Dritter als solche gekennzeichnet. Sollten Sie trotzdem auf eine Urheberrechtsverletzung aufmerksam werden, bitten wir um einen entsprechenden Hinweis. Bei Bekanntwerden von Rechtsverletzungen werden wir derartige Inhalte umgehend entfernen.<\/p>\n<p><span style=\"color: #999999;\">Quelle: erecht24.de<\/span><\/p>\n[\/spb_text_block] [spb_text_block pb_margin_bottom=&#8221;no&#8221; pb_border_bottom=&#8221;no&#8221; width=&#8221;1\/1&#8243; el_position=&#8221;first last&#8221;]\n<h3>Bildnachweise<\/h3>\n<ul style=\"line-height: 200%;\">\n<li>Waffel-Circuit, iStock-93428283, Norman Cooper<\/li>\n<li>Safety systems, iStock-472483314, supergenijalac<\/li>\n<li>Tunnel full of energy, iStock-489599728, slavemotion<\/li>\n<li>Lab on chip (LOC), iStock-514513857, luchschen<\/li>\n<li>Laser-disk drive, iStock-524905057, barbol88<\/li>\n<li>Estonian flag butterfly flying, iStock-528931297, golden_SUN<\/li>\n<li>Devices mock-up, iStock-627150638, forest_strider<\/li>\n<li>Laser cutting machine, iStock-629603990, tiero<\/li>\n<li>Autonomous driverless cars, iStock-660587164, Just_Super<\/li>\n<li>Modern server room interior, iStock-669537276, baranozdemir<\/li>\n<li>City scape and network connection, iStock-697478976, af_istocker<\/li>\n<li>Manager with AR smart factory, iStock-819121938, NicoElNino<\/li>\n<li>Autonomous self drive vehicle, iStock-819445740, Just_Super<\/li>\n<li>A lab-on-a-chip (LOC), iStock-842214308, luchschen<\/li>\n<li>Testing the new VR headsets, iStock-842445384, pixelfit<\/li>\n<li>Bing maps, <span id=\"result_box\" class=\"short_text\" lang=\"en\"><span class=\"\">directions<\/span><\/span>, bing.com<\/li>\n<li>Alle weiteren Bilder und Videos, Fabian Buss<\/li>\n<\/ul>\n[\/spb_text_block]\n","protected":false},"excerpt":{"rendered":"<p>[blank_spacer height=&#8221;30px&#8221; width=&#8221;1\/1&#8243; el_position=&#8221;first last&#8221;] [spb_text_block pb_margin_bottom=&#8221;no&#8221; pb_border_bottom=&#8221;no&#8221; width=&#8221;1\/1&#8243; el_position=&#8221;first last&#8221;] \u7248\u672c\u8bf4\u660e [\/spb_text_block] [blank_spacer height=&#8221;30px&#8221; width=&#8221;1\/1&#8243; el_position=&#8221;first last&#8221;] [spb_text_block pb_margin_bottom=&#8221;no&#8221; pb_border_bottom=&#8221;no&#8221; width=&#8221;1\/1&#8243; el_position=&#8221;first last&#8221;] Angaben gem\u00e4\u00df \u00a7 5 TMG ficonTEC Service GmbH Im Finigen 3, 28832 Achim, Deutschland Vertreten durch: Torsten Vahrenkamp (CEO) &amp; Matthias Trinker (CFO) &nbsp; Kontakt Telefon: +49 4202 51160-0 Telefax: +49 4202 51160-90 E-Mail: info@ficontec.com &nbsp; [&hellip;]<\/p>\n","protected":false},"author":1,"featured_media":0,"parent":0,"menu_order":8,"comment_status":"closed","ping_status":"closed","template":"","meta":{"footnotes":""},"class_list":["post-3930","page","type-page","status-publish","hentry"],"yoast_head":"<!-- This site is optimized with the Yoast SEO plugin v27.4 - https:\/\/yoast.com\/product\/yoast-seo-wordpress\/ -->\n<title>Imprint for ficonTEC Service<\/title>\n<meta name=\"description\" content=\"Imprint \/ Masthead page for ficonTEC Service GmbH\" \/>\n<meta name=\"robots\" content=\"index, follow, max-snippet:-1, max-image-preview:large, max-video-preview:-1\" \/>\n<link rel=\"canonical\" href=\"https:\/\/www.ficontec.com\/cn\/imprint\/\" \/>\n<meta property=\"og:locale\" content=\"en_US\" \/>\n<meta property=\"og:type\" content=\"article\" \/>\n<meta property=\"og:title\" content=\"Imprint for ficonTEC Service\" \/>\n<meta property=\"og:description\" content=\"Imprint \/ Masthead page for ficonTEC Service GmbH\" \/>\n<meta property=\"og:url\" content=\"https:\/\/www.ficontec.com\/cn\/imprint\/\" \/>\n<meta property=\"og:site_name\" content=\"ficonTEC\" \/>\n<meta property=\"article:modified_time\" content=\"2020-01-17T09:18:11+00:00\" \/>\n<meta name=\"twitter:card\" content=\"summary_large_image\" \/>\n<meta name=\"twitter:site\" content=\"@ficontec\" \/>\n<meta name=\"twitter:label1\" content=\"Est. reading time\" \/>\n\t<meta name=\"twitter:data1\" content=\"3 minutes\" \/>\n<script type=\"application\/ld+json\" class=\"yoast-schema-graph\">{\"@context\":\"https:\\\/\\\/schema.org\",\"@graph\":[{\"@type\":\"WebPage\",\"@id\":\"https:\\\/\\\/www.ficontec.com\\\/cn\\\/imprint\\\/\",\"url\":\"https:\\\/\\\/www.ficontec.com\\\/cn\\\/imprint\\\/\",\"name\":\"Imprint for ficonTEC Service\",\"isPartOf\":{\"@id\":\"https:\\\/\\\/www.ficontec.com\\\/jp\\\/#website\"},\"datePublished\":\"2017-11-16T08:41:19+00:00\",\"dateModified\":\"2020-01-17T09:18:11+00:00\",\"description\":\"Imprint \\\/ Masthead page for ficonTEC Service GmbH\",\"breadcrumb\":{\"@id\":\"https:\\\/\\\/www.ficontec.com\\\/cn\\\/imprint\\\/#breadcrumb\"},\"inLanguage\":\"zn-CN\",\"potentialAction\":[{\"@type\":\"ReadAction\",\"target\":[\"https:\\\/\\\/www.ficontec.com\\\/cn\\\/imprint\\\/\"]}]},{\"@type\":\"BreadcrumbList\",\"@id\":\"https:\\\/\\\/www.ficontec.com\\\/cn\\\/imprint\\\/#breadcrumb\",\"itemListElement\":[{\"@type\":\"ListItem\",\"position\":1,\"name\":\"Startseite\",\"item\":\"https:\\\/\\\/www.ficontec.com\\\/cn\\\/\"},{\"@type\":\"ListItem\",\"position\":2,\"name\":\"Imprint\"}]},{\"@type\":\"WebSite\",\"@id\":\"https:\\\/\\\/www.ficontec.com\\\/jp\\\/#website\",\"url\":\"https:\\\/\\\/www.ficontec.com\\\/jp\\\/\",\"name\":\"ficonTEC\",\"description\":\"photonics assembly &amp; testing\",\"publisher\":{\"@id\":\"https:\\\/\\\/www.ficontec.com\\\/jp\\\/#organization\"},\"potentialAction\":[{\"@type\":\"SearchAction\",\"target\":{\"@type\":\"EntryPoint\",\"urlTemplate\":\"https:\\\/\\\/www.ficontec.com\\\/jp\\\/?s={search_term_string}\"},\"query-input\":{\"@type\":\"PropertyValueSpecification\",\"valueRequired\":true,\"valueName\":\"search_term_string\"}}],\"inLanguage\":\"zn-CN\"},{\"@type\":\"Organization\",\"@id\":\"https:\\\/\\\/www.ficontec.com\\\/jp\\\/#organization\",\"name\":\"ficonTEC Service GmbH\",\"url\":\"https:\\\/\\\/www.ficontec.com\\\/jp\\\/\",\"logo\":{\"@type\":\"ImageObject\",\"inLanguage\":\"zn-CN\",\"@id\":\"https:\\\/\\\/www.ficontec.com\\\/jp\\\/#\\\/schema\\\/logo\\\/image\\\/\",\"url\":\"https:\\\/\\\/www.ficontec.com\\\/wp-content\\\/uploads\\\/2018\\\/01\\\/logo-last.jpg\",\"contentUrl\":\"https:\\\/\\\/www.ficontec.com\\\/wp-content\\\/uploads\\\/2018\\\/01\\\/logo-last.jpg\",\"width\":1170,\"height\":650,\"caption\":\"ficonTEC Service GmbH\"},\"image\":{\"@id\":\"https:\\\/\\\/www.ficontec.com\\\/jp\\\/#\\\/schema\\\/logo\\\/image\\\/\"},\"sameAs\":[\"https:\\\/\\\/x.com\\\/ficontec\",\"https:\\\/\\\/www.linkedin.com\\\/company\\\/ficontec\\\/\"]}]}<\/script>\n<!-- \/ Yoast SEO plugin. -->","yoast_head_json":{"title":"Imprint for ficonTEC Service","description":"Imprint \/ Masthead page for ficonTEC Service GmbH","robots":{"index":"index","follow":"follow","max-snippet":"max-snippet:-1","max-image-preview":"max-image-preview:large","max-video-preview":"max-video-preview:-1"},"canonical":"https:\/\/www.ficontec.com\/cn\/imprint\/","og_locale":"en_US","og_type":"article","og_title":"Imprint for ficonTEC Service","og_description":"Imprint \/ Masthead page for ficonTEC Service GmbH","og_url":"https:\/\/www.ficontec.com\/cn\/imprint\/","og_site_name":"ficonTEC","article_modified_time":"2020-01-17T09:18:11+00:00","twitter_card":"summary_large_image","twitter_site":"@ficontec","twitter_misc":{"Est. reading time":"3 minutes"},"schema":{"@context":"https:\/\/schema.org","@graph":[{"@type":"WebPage","@id":"https:\/\/www.ficontec.com\/cn\/imprint\/","url":"https:\/\/www.ficontec.com\/cn\/imprint\/","name":"Imprint for ficonTEC Service","isPartOf":{"@id":"https:\/\/www.ficontec.com\/jp\/#website"},"datePublished":"2017-11-16T08:41:19+00:00","dateModified":"2020-01-17T09:18:11+00:00","description":"Imprint \/ Masthead page for ficonTEC Service GmbH","breadcrumb":{"@id":"https:\/\/www.ficontec.com\/cn\/imprint\/#breadcrumb"},"inLanguage":"zn-CN","potentialAction":[{"@type":"ReadAction","target":["https:\/\/www.ficontec.com\/cn\/imprint\/"]}]},{"@type":"BreadcrumbList","@id":"https:\/\/www.ficontec.com\/cn\/imprint\/#breadcrumb","itemListElement":[{"@type":"ListItem","position":1,"name":"Startseite","item":"https:\/\/www.ficontec.com\/cn\/"},{"@type":"ListItem","position":2,"name":"Imprint"}]},{"@type":"WebSite","@id":"https:\/\/www.ficontec.com\/jp\/#website","url":"https:\/\/www.ficontec.com\/jp\/","name":"ficonTEC","description":"photonics assembly &amp; testing","publisher":{"@id":"https:\/\/www.ficontec.com\/jp\/#organization"},"potentialAction":[{"@type":"SearchAction","target":{"@type":"EntryPoint","urlTemplate":"https:\/\/www.ficontec.com\/jp\/?s={search_term_string}"},"query-input":{"@type":"PropertyValueSpecification","valueRequired":true,"valueName":"search_term_string"}}],"inLanguage":"zn-CN"},{"@type":"Organization","@id":"https:\/\/www.ficontec.com\/jp\/#organization","name":"ficonTEC Service GmbH","url":"https:\/\/www.ficontec.com\/jp\/","logo":{"@type":"ImageObject","inLanguage":"zn-CN","@id":"https:\/\/www.ficontec.com\/jp\/#\/schema\/logo\/image\/","url":"https:\/\/www.ficontec.com\/wp-content\/uploads\/2018\/01\/logo-last.jpg","contentUrl":"https:\/\/www.ficontec.com\/wp-content\/uploads\/2018\/01\/logo-last.jpg","width":1170,"height":650,"caption":"ficonTEC Service GmbH"},"image":{"@id":"https:\/\/www.ficontec.com\/jp\/#\/schema\/logo\/image\/"},"sameAs":["https:\/\/x.com\/ficontec","https:\/\/www.linkedin.com\/company\/ficontec\/"]}]}},"_links":{"self":[{"href":"https:\/\/www.ficontec.com\/cn\/wp-json\/wp\/v2\/pages\/3930","targetHints":{"allow":["GET"]}}],"collection":[{"href":"https:\/\/www.ficontec.com\/cn\/wp-json\/wp\/v2\/pages"}],"about":[{"href":"https:\/\/www.ficontec.com\/cn\/wp-json\/wp\/v2\/types\/page"}],"author":[{"embeddable":true,"href":"https:\/\/www.ficontec.com\/cn\/wp-json\/wp\/v2\/users\/1"}],"replies":[{"embeddable":true,"href":"https:\/\/www.ficontec.com\/cn\/wp-json\/wp\/v2\/comments?post=3930"}],"version-history":[{"count":3,"href":"https:\/\/www.ficontec.com\/cn\/wp-json\/wp\/v2\/pages\/3930\/revisions"}],"predecessor-version":[{"id":5544,"href":"https:\/\/www.ficontec.com\/cn\/wp-json\/wp\/v2\/pages\/3930\/revisions\/5544"}],"wp:attachment":[{"href":"https:\/\/www.ficontec.com\/cn\/wp-json\/wp\/v2\/media?parent=3930"}],"curies":[{"name":"wp","href":"https:\/\/api.w.org\/{rel}","templated":true}]}}